{"id":44,"date":"2026-04-28T17:59:21","date_gmt":"2026-04-28T17:59:21","guid":{"rendered":"https:\/\/jachim-kucera-tesarstvi.cz\/?page_id=44"},"modified":"2026-04-28T18:00:12","modified_gmt":"2026-04-28T18:00:12","slug":"elementor-44","status":"publish","type":"page","link":"https:\/\/jachim-kucera-tesarstvi.cz\/?page_id=44","title":{"rendered":"Elementor #44"},"content":{"rendered":"\t\t<div data-elementor-type=\"wp-post\" data-elementor-id=\"44\" class=\"elementor elementor-44\">\n\t\t\t\t<div class=\"elementor-element elementor-element-d54fca9 e-flex e-con-boxed e-con e-parent\" data-id=\"d54fca9\" data-element_type=\"container\" data-e-type=\"container\">\n\t\t\t\t\t<div class=\"e-con-inner\">\n\t\t\t\t<div class=\"elementor-element elementor-element-b03f7df elementor-widget elementor-widget-heading\" data-id=\"b03f7df\" data-element_type=\"widget\" data-e-type=\"widget\" data-widget_type=\"heading.default\">\n\t\t\t\t\t<h2 class=\"elementor-heading-title elementor-size-default\">Tesa\u0159sk\u00e9 pr\u00e1ce na m\u00edru \u2013 krovy, pergoly, d\u0159evostavby<\/h2>\t\t\t\t<\/div>\n\t\t\t\t\t<\/div>\n\t\t\t\t<\/div>\n\t\t<div class=\"elementor-element elementor-element-4278d0f e-flex e-con-boxed e-con e-parent\" data-id=\"4278d0f\" data-element_type=\"container\" data-e-type=\"container\">\n\t\t\t\t\t<div class=\"e-con-inner\">\n\t\t\t\t<div class=\"elementor-element elementor-element-a35ee63 elementor-widget elementor-widget-text-editor\" data-id=\"a35ee63\" data-element_type=\"widget\" data-e-type=\"widget\" data-widget_type=\"text-editor.default\">\n\t\t\t\t\t\t\t\t\t<p>Poctiv\u00e1 \u0159emesln\u00e1 pr\u00e1ce na Plze\u0148sku. Realizujeme st\u0159echy, pergoly i d\u0159ev\u011bn\u00e9 konstrukce.<\/p>\t\t\t\t\t\t\t\t<\/div>\n\t\t\t\t\t<\/div>\n\t\t\t\t<\/div>\n\t\t\t\t<div class=\"elementor-element elementor-element-cb8a2e0 e-con e-atomic-element e-flexbox-base\" data-id=\"cb8a2e0\" data-element_type=\"e-flexbox\" data-e-type=\"e-flexbox\" data-interaction-id=\"cb8a2e0\">\n\t\t\t\t\t    \t            <button class=\"e-button-base\" data-interaction-id=\"deb8683\"  >\n            Nez\u00e1vazn\u00e1 popt\u00e1vka\n        <\/button>\n    \t\t\t\t<\/div>\n\t\t<div class=\"elementor-element elementor-element-af28d5b e-flex e-con-boxed e-con e-parent\" data-id=\"af28d5b\" data-element_type=\"container\" data-e-type=\"container\">\n\t\t\t\t\t<div class=\"e-con-inner\">\n\t\t\t\t<div class=\"elementor-element elementor-element-d45063e elementor-widget elementor-widget-image\" data-id=\"d45063e\" data-element_type=\"widget\" data-e-type=\"widget\" data-widget_type=\"image.default\">\n\t\t\t\t\t\t\t\t\t\t\t\t\t\t\t<img fetchpriority=\"high\" decoding=\"async\" width=\"1024\" height=\"765\" src=\"https:\/\/jachim-kucera-tesarstvi.cz\/wp-content\/uploads\/2026\/04\/IMG_0638-1024x765.jpeg\" class=\"attachment-large size-large wp-image-29\" alt=\"\" srcset=\"https:\/\/jachim-kucera-tesarstvi.cz\/wp-content\/uploads\/2026\/04\/IMG_0638-1024x765.jpeg 1024w, https:\/\/jachim-kucera-tesarstvi.cz\/wp-content\/uploads\/2026\/04\/IMG_0638-300x224.jpeg 300w, https:\/\/jachim-kucera-tesarstvi.cz\/wp-content\/uploads\/2026\/04\/IMG_0638-768x574.jpeg 768w, https:\/\/jachim-kucera-tesarstvi.cz\/wp-content\/uploads\/2026\/04\/IMG_0638-1536x1147.jpeg 1536w, https:\/\/jachim-kucera-tesarstvi.cz\/wp-content\/uploads\/2026\/04\/IMG_0638-2048x1530.jpeg 2048w\" sizes=\"(max-width: 1024px) 100vw, 1024px\" \/>\t\t\t\t\t\t\t\t\t\t\t\t\t\t\t<\/div>\n\t\t\t\t\t<\/div>\n\t\t\t\t<\/div>\n\t\t\t\t<\/div>\n\t\t","protected":false},"excerpt":{"rendered":"<p>Tesa\u0159sk\u00e9 pr\u00e1ce na m\u00edru \u2013 krovy, pergoly, d\u0159evostavby Poctiv\u00e1 \u0159emesln\u00e1 pr\u00e1ce na Plze\u0148sku. Realizujeme st\u0159echy, pergoly i d\u0159ev\u011bn\u00e9 konstrukce. Nez\u00e1vazn\u00e1 [&hellip;]<\/p>\n","protected":false},"author":1,"featured_media":29,"parent":0,"menu_order":0,"comment_status":"closed","ping_status":"closed","template":"","meta":{"site-sidebar-layout":"no-sidebar","site-content-layout":"","ast-site-content-layout":"full-width-container","site-content-style":"default","site-sidebar-style":"default","ast-global-header-display":"","ast-banner-title-visibility":"","ast-main-header-display":"","ast-hfb-above-header-display":"","ast-hfb-below-header-display":"","ast-hfb-mobile-header-display":"","site-post-title":"","ast-breadcrumbs-content":"","ast-featured-img":"disabled","footer-sml-layout":"","ast-disable-related-posts":"","theme-transparent-header-meta":"","adv-header-id-meta":"","stick-header-meta":"","header-above-stick-meta":"","header-main-stick-meta":"","header-below-stick-meta":"","astra-migrate-meta-layouts":"default","ast-page-background-enabled":"default","ast-page-background-meta":{"desktop":{"background-color":"var(--ast-global-color-5)","background-image":"","background-repeat":"repeat","background-position":"center center","background-size":"auto","background-attachment":"scroll","background-type":"","background-media":"","overlay-type":"","overlay-color":"","overlay-opacity":"","overlay-gradient":""},"tablet":{"background-color":"","background-image":"","background-repeat":"repeat","background-position":"center center","background-size":"auto","background-attachment":"scroll","background-type":"","background-media":"","overlay-type":"","overlay-color":"","overlay-opacity":"","overlay-gradient":""},"mobile":{"background-color":"","background-image":"","background-repeat":"repeat","background-position":"center center","background-size":"auto","background-attachment":"scroll","background-type":"","background-media":"","overlay-type":"","overlay-color":"","overlay-opacity":"","overlay-gradient":""}},"ast-content-background-meta":{"desktop":{"background-color":"var(--ast-global-color-4)","background-image":"","background-repeat":"repeat","background-position":"center center","background-size":"auto","background-attachment":"scroll","background-type":"","background-media":"","overlay-type":"","overlay-color":"","overlay-opacity":"","overlay-gradient":""},"tablet":{"background-color":"var(--ast-global-color-4)","background-image":"","background-repeat":"repeat","background-position":"center center","background-size":"auto","background-attachment":"scroll","background-type":"","background-media":"","overlay-type":"","overlay-color":"","overlay-opacity":"","overlay-gradient":""},"mobile":{"background-color":"var(--ast-global-color-4)","background-image":"","background-repeat":"repeat","background-position":"center center","background-size":"auto","background-attachment":"scroll","background-type":"","background-media":"","overlay-type":"","overlay-color":"","overlay-opacity":"","overlay-gradient":""}},"footnotes":""},"class_list":["post-44","page","type-page","status-publish","has-post-thumbnail","hentry"],"_links":{"self":[{"href":"https:\/\/jachim-kucera-tesarstvi.cz\/index.php?rest_route=\/wp\/v2\/pages\/44","targetHints":{"allow":["GET"]}}],"collection":[{"href":"https:\/\/jachim-kucera-tesarstvi.cz\/index.php?rest_route=\/wp\/v2\/pages"}],"about":[{"href":"https:\/\/jachim-kucera-tesarstvi.cz\/index.php?rest_route=\/wp\/v2\/types\/page"}],"author":[{"embeddable":true,"href":"https:\/\/jachim-kucera-tesarstvi.cz\/index.php?rest_route=\/wp\/v2\/users\/1"}],"replies":[{"embeddable":true,"href":"https:\/\/jachim-kucera-tesarstvi.cz\/index.php?rest_route=%2Fwp%2Fv2%2Fcomments&post=44"}],"version-history":[{"count":16,"href":"https:\/\/jachim-kucera-tesarstvi.cz\/index.php?rest_route=\/wp\/v2\/pages\/44\/revisions"}],"predecessor-version":[{"id":66,"href":"https:\/\/jachim-kucera-tesarstvi.cz\/index.php?rest_route=\/wp\/v2\/pages\/44\/revisions\/66"}],"wp:featuredmedia":[{"embeddable":true,"href":"https:\/\/jachim-kucera-tesarstvi.cz\/index.php?rest_route=\/wp\/v2\/media\/29"}],"wp:attachment":[{"href":"https:\/\/jachim-kucera-tesarstvi.cz\/index.php?rest_route=%2Fwp%2Fv2%2Fmedia&parent=44"}],"curies":[{"name":"wp","href":"https:\/\/api.w.org\/{rel}","templated":true}]}}